{"id":122,"date":"2024-10-21T12:28:29","date_gmt":"2024-10-21T10:28:29","guid":{"rendered":"https:\/\/nauczyciele.fuw.edu.pl\/?page_id=122"},"modified":"2024-10-24T10:12:30","modified_gmt":"2024-10-24T08:12:30","slug":"organizatorki","status":"publish","type":"page","link":"https:\/\/nauczyciele.fuw.edu.pl\/?page_id=122","title":{"rendered":"Organizatorki"},"content":{"rendered":"\n<div class=\"wp-block-columns is-layout-flex wp-container-core-columns-is-layout-28f84493 wp-block-columns-is-layout-flex\">\n<div class=\"wp-block-column is-layout-flow wp-block-column-is-layout-flow\">\n<div class=\"wp-block-group is-vertical is-content-justification-center is-layout-flex wp-container-core-group-is-layout-ce155fab wp-block-group-is-layout-flex\">\n<figure class=\"wp-block-image size-large\"><img loading=\"lazy\" decoding=\"async\" width=\"1024\" height=\"913\" src=\"https:\/\/nauczyciele.fuw.edu.pl\/wp-content\/uploads\/2024\/10\/WhatsApp-Image-2024-10-22-at-14.32.18-1024x913.jpeg\" alt=\"Zdj\u0119cie: Melania Deresz\" class=\"wp-image-154\" srcset=\"https:\/\/nauczyciele.fuw.edu.pl\/wp-content\/uploads\/2024\/10\/WhatsApp-Image-2024-10-22-at-14.32.18-1024x913.jpeg 1024w, https:\/\/nauczyciele.fuw.edu.pl\/wp-content\/uploads\/2024\/10\/WhatsApp-Image-2024-10-22-at-14.32.18-300x268.jpeg 300w, https:\/\/nauczyciele.fuw.edu.pl\/wp-content\/uploads\/2024\/10\/WhatsApp-Image-2024-10-22-at-14.32.18-768x685.jpeg 768w, https:\/\/nauczyciele.fuw.edu.pl\/wp-content\/uploads\/2024\/10\/WhatsApp-Image-2024-10-22-at-14.32.18-1536x1370.jpeg 1536w, https:\/\/nauczyciele.fuw.edu.pl\/wp-content\/uploads\/2024\/10\/WhatsApp-Image-2024-10-22-at-14.32.18.jpeg 1571w\" sizes=\"auto, (max-width: 1024px) 100vw, 1024px\" \/><\/figure>\n\n\n\n<p class=\"has-text-align-center\">Melania Deresz<br>Wydzia\u0142 Fizyki, Uniwersytet Warszawski<br>Spo\u0142eczne Liceum Og\u00f3lnokszta\u0142c\u0105ce nr 25 im. Marzenny Oko\u0144skiej w Warszawie<\/p>\n\n\n\n<div class=\"wp-block-buttons is-layout-flex wp-block-buttons-is-layout-flex\"><\/div>\n\n\n\n<div class=\"wp-block-buttons is-content-justification-center is-layout-flex wp-container-core-buttons-is-layout-a89b3969 wp-block-buttons-is-layout-flex\">\n<div class=\"wp-block-button\"><a class=\"wp-block-button__link wp-element-button\" href=\"mailto:mderesz@fuw.edu.pl\">mderesz@fuw.edu.pl<\/a><\/div>\n<\/div>\n<\/div>\n<\/div>\n\n\n\n<div class=\"wp-block-column is-layout-flow wp-block-column-is-layout-flow\">\n<div class=\"wp-block-group is-vertical is-layout-flex wp-container-core-group-is-layout-fe9cc265 wp-block-group-is-layout-flex\">\n<figure class=\"wp-block-image size-full\"><img loading=\"lazy\" decoding=\"async\" width=\"599\" height=\"537\" src=\"https:\/\/nauczyciele.fuw.edu.pl\/wp-content\/uploads\/2024\/10\/9508f1218c7ff5c9d8432270e2dc6368-1.jpg\" alt=\"Zdj\u0119cie: Urszula Setlak\" class=\"wp-image-146\" srcset=\"https:\/\/nauczyciele.fuw.edu.pl\/wp-content\/uploads\/2024\/10\/9508f1218c7ff5c9d8432270e2dc6368-1.jpg 599w, https:\/\/nauczyciele.fuw.edu.pl\/wp-content\/uploads\/2024\/10\/9508f1218c7ff5c9d8432270e2dc6368-1-300x269.jpg 300w\" sizes=\"auto, (max-width: 599px) 100vw, 599px\" \/><\/figure>\n\n\n\n<p class=\"has-text-align-center\">Urszula Setlak<br>XXVIII Liceum Og\u00f3lnokszta\u0142c\u0105ce im. Jana Kochanowskiego w Warszawie<\/p>\n<\/div>\n<\/div>\n\n\n\n<div class=\"wp-block-column is-layout-flow wp-block-column-is-layout-flow\">\n<div class=\"wp-block-group is-vertical is-layout-flex wp-container-core-group-is-layout-fe9cc265 wp-block-group-is-layout-flex\">\n<figure class=\"wp-block-image size-full\"><img loading=\"lazy\" decoding=\"async\" width=\"964\" height=\"861\" src=\"https:\/\/nauczyciele.fuw.edu.pl\/wp-content\/uploads\/2024\/10\/Aneta-3.jpeg\" alt=\"Zdj\u0119cie: Aneta Drabi\u0144ska\" class=\"wp-image-149\" srcset=\"https:\/\/nauczyciele.fuw.edu.pl\/wp-content\/uploads\/2024\/10\/Aneta-3.jpeg 964w, https:\/\/nauczyciele.fuw.edu.pl\/wp-content\/uploads\/2024\/10\/Aneta-3-300x268.jpeg 300w, https:\/\/nauczyciele.fuw.edu.pl\/wp-content\/uploads\/2024\/10\/Aneta-3-768x686.jpeg 768w\" sizes=\"auto, (max-width: 964px) 100vw, 964px\" \/><\/figure>\n\n\n\n<p class=\"has-text-align-center\">dr hab. Aneta Drabi\u0144ska,  prof. UW<br>Wydzia\u0142 Fizyki, Uniwersytet Warszawski<\/p>\n<\/div>\n<\/div>\n<\/div>\n\n\n\n<p><\/p>\n","protected":false},"excerpt":{"rendered":"<p>Melania DereszWydzia\u0142 Fizyki, Uniwersytet WarszawskiSpo\u0142eczne Liceum Og\u00f3lnokszta\u0142c\u0105ce nr 25 im. Marzenny Oko\u0144skiej w Warszawie Urszula SetlakXXVIII Liceum Og\u00f3lnokszta\u0142c\u0105ce im. Jana Kochanowskiego w Warszawie dr hab. Aneta Drabi\u0144ska, prof. UWWydzia\u0142 Fizyki, Uniwersytet Warszawski<\/p>\n","protected":false},"author":1,"featured_media":0,"parent":0,"menu_order":0,"comment_status":"closed","ping_status":"closed","template":"","meta":{"footnotes":""},"class_list":["post-122","page","type-page","status-publish","hentry"],"_links":{"self":[{"href":"https:\/\/nauczyciele.fuw.edu.pl\/index.php?rest_route=\/wp\/v2\/pages\/122","targetHints":{"allow":["GET"]}}],"collection":[{"href":"https:\/\/nauczyciele.fuw.edu.pl\/index.php?rest_route=\/wp\/v2\/pages"}],"about":[{"href":"https:\/\/nauczyciele.fuw.edu.pl\/index.php?rest_route=\/wp\/v2\/types\/page"}],"author":[{"embeddable":true,"href":"https:\/\/nauczyciele.fuw.edu.pl\/index.php?rest_route=\/wp\/v2\/users\/1"}],"replies":[{"embeddable":true,"href":"https:\/\/nauczyciele.fuw.edu.pl\/index.php?rest_route=%2Fwp%2Fv2%2Fcomments&post=122"}],"version-history":[{"count":11,"href":"https:\/\/nauczyciele.fuw.edu.pl\/index.php?rest_route=\/wp\/v2\/pages\/122\/revisions"}],"predecessor-version":[{"id":233,"href":"https:\/\/nauczyciele.fuw.edu.pl\/index.php?rest_route=\/wp\/v2\/pages\/122\/revisions\/233"}],"wp:attachment":[{"href":"https:\/\/nauczyciele.fuw.edu.pl\/index.php?rest_route=%2Fwp%2Fv2%2Fmedia&parent=122"}],"curies":[{"name":"wp","href":"https:\/\/api.w.org\/{rel}","templated":true}]}}