{"id":137,"date":"2024-10-21T13:29:28","date_gmt":"2024-10-21T11:29:28","guid":{"rendered":"https:\/\/nauczyciele.fuw.edu.pl\/?page_id=137"},"modified":"2025-10-16T12:48:47","modified_gmt":"2025-10-16T10:48:47","slug":"deklaracja-dostepnosci","status":"publish","type":"page","link":"https:\/\/nauczyciele.fuw.edu.pl\/?page_id=137","title":{"rendered":"Deklaracja dost\u0119pno\u015bci"},"content":{"rendered":"\n<p>Uniwersytet Warszawski zobowi\u0105zuje si\u0119 zapewni\u0107 dost\u0119pno\u015b\u0107 swojej strony internetowej zgodnie z przepisami ustawy z dnia 4 kwietnia 2019 r. o dost\u0119pno\u015bci cyfrowej stron internetowych i aplikacji mobilnych podmiot\u00f3w publicznych. O\u015bwiadczenie w sprawie dost\u0119pno\u015bci ma zastosowanie do strony internetowej nauczyciele.fuw.edu.pl<\/p>\n\n\n\n<ul class=\"wp-block-list\">\n<li>Data publikacji strony internetowej: 2024<\/li>\n\n\n\n<li>Data ostatniej istotnej aktualizacji: 16.10.2025<br><\/li>\n<\/ul>\n\n\n\n<h4 class=\"wp-block-heading\">Status zgodno\u015bci z ustaw\u0105 o dost\u0119pno\u015bci cyfrowej<\/h4>\n\n\n\n<p>Strona internetowa jest cz\u0119\u015bciowo zgodna z ustaw\u0105 z dnia 4 kwietnia 2019 r. o dost\u0119pno\u015bci cyfrowej stron internetowych i aplikacji mobilnych podmiot\u00f3w publicznych z powodu niezgodno\u015bci lub wy\u0142\u0105cze\u0144 wymienionych poni\u017cej.<\/p>\n\n\n\n<ul class=\"wp-block-list\">\n<li>Mapa serwisu, zrozumia\u0142o\u015b\u0107 struktury serwisu, \u0142atwo\u015b\u0107 odnajdywania informacji\n<ul class=\"wp-block-list\">\n<li>Serwis nie posiada mapy stron<\/li>\n\n\n\n<li>Serwis nie posiada wyszukiwarki tre\u015bci<\/li>\n<\/ul>\n<\/li>\n\n\n\n<li>Alternatywne opisy dla grafiki\n<ul class=\"wp-block-list\">\n<li>Serwis mo\u017ce posiada\u0107 ilustracje nie zawieraj\u0105ce tekstu alternatywnego<\/li>\n\n\n\n<li>Serwis mo\u017ce posiada\u0107 ilustracje b\u0119d\u0105ce linkami<\/li>\n<\/ul>\n<\/li>\n\n\n\n<li>Wyr\u00f3\u017cnienie link\u00f3w i innych istotnych element\u00f3w strony\n<ul class=\"wp-block-list\">\n<li>Serwis posiada linki wyr\u00f3\u017cnione tylko kolorem<\/li>\n<\/ul>\n<\/li>\n\n\n\n<li>Walidacja HTML\/CSS\n<ul class=\"wp-block-list\">\n<li>W serwisie wyst\u0119puj\u0105 problemy z walidacj\u0105 HTML<\/li>\n<\/ul>\n<\/li>\n\n\n\n<li>Kontrast, wielko\u015b\u0107 tekstu\n<ul class=\"wp-block-list\">\n<li>W serwisie nie ma mo\u017cliwo\u015bci zmiany kontrastu i wielko\u015bci tekstu<\/li>\n<\/ul>\n<\/li>\n<\/ul>\n\n\n\n<p>O\u015bwiadczenie sporz\u0105dzono dnia:&nbsp;21.10.2024<\/p>\n\n\n\n<h4 class=\"wp-block-heading\">Skr\u00f3ty klawiaturowe<\/h4>\n\n\n\n<p>Na stronie nauczyciele.fuw.edu.pl nie zastosowano \u017cadnych specjalnych skr\u00f3t\u00f3w klawiaturowych.<\/p>\n\n\n\n<h4 class=\"wp-block-heading\">Informacje zwrotne i dane kontaktowe<\/h4>\n\n\n\n<p>Osob\u0105 kontaktow\u0105 w sprawach zwi\u0105zanych z dost\u0119pno\u015bci\u0105 tej strony internetowej jest\u00a0<strong>Melania Deresz<\/strong>. W przypadku problem\u00f3w z dost\u0119pno\u015bci\u0105 strony internetowej prosimy o kontakt: e-mail:\u00a0<strong>melania.deresz@fuw.edu.pl<\/strong>, telefon\u00a0<strong>+48 22 55 32 855<\/strong>. T\u0105 sam\u0105 drog\u0105 mo\u017cna sk\u0142ada\u0107 wnioski o udost\u0119pnienie informacji niedost\u0119pnej oraz sk\u0142ada\u0107 \u017c\u0105dania zapewnienia dost\u0119pno\u015bci.<\/p>\n\n\n\n<h4 class=\"wp-block-heading\">Procedura wnioskowo-skargowa<\/h4>\n\n\n\n<p>Ka\u017cdy ma prawo do wyst\u0105pienia z \u017c\u0105daniem zapewnienia dost\u0119pno\u015bci cyfrowej strony internetowej, aplikacji mobilnej lub jakiego\u015b ich elementu. Mo\u017cna tak\u017ce za\u017c\u0105da\u0107 udost\u0119pnienia informacji za pomoc\u0105 alternatywnego sposobu dost\u0119pu, na przyk\u0142ad przez odczytanie niedost\u0119pnego cyfrowo dokumentu, opisanie zawarto\u015bci filmu bez audiodeskrypcji itp.<\/p>\n\n\n\n<p>\u017b\u0105danie powinno zawiera\u0107 dane osoby zg\u0142aszaj\u0105cej \u017c\u0105danie, wskazanie, o kt\u00f3r\u0105 stron\u0119 internetow\u0105 lub aplikacj\u0119 mobiln\u0105 chodzi oraz spos\u00f3b kontaktu. Je\u017celi osoba \u017c\u0105daj\u0105ca zg\u0142asza potrzeb\u0119 otrzymania informacji za pomoc\u0105 alternatywnego sposobu dost\u0119pu, powinna tak\u017ce okre\u015bli\u0107 dogodny dla niej spos\u00f3b przedstawienia tej informacji.<br><a href=\"https:\/\/docs.google.com\/forms\/d\/e\/1FAIpQLSce2kUjlVXRyuORLvfDlrKyqU_1h5_0JfNCRBLRxmAvXGvPBw\/viewform?usp=sf_link\">Wniosek o zapewnienie dost\u0119pno\u015bci<\/a><\/p>\n\n\n\n<p>Podmiot publiczny powinien zrealizowa\u0107 \u017c\u0105danie niezw\u0142ocznie, nie p\u00f3\u017aniej ni\u017c w ci\u0105gu 7 dni od dnia wyst\u0105pienia z \u017c\u0105daniem. Je\u017celi dotrzymanie tego terminu nie jest mo\u017cliwe, podmiot publiczny niezw\u0142ocznie informuje o tym wnosz\u0105cego \u017c\u0105danie, kiedy realizacja \u017c\u0105dania b\u0119dzie mo\u017cliwa, przy czym termin ten nie mo\u017ce by\u0107 d\u0142u\u017cszy ni\u017c 2 miesi\u0105ce od dnia wyst\u0105pienia z \u017c\u0105daniem.<\/p>\n\n\n\n<p>Je\u017celi zapewnienie dost\u0119pno\u015bci cyfrowej nie jest mo\u017cliwe, podmiot publiczny mo\u017ce zaproponowa\u0107 alternatywny spos\u00f3b dost\u0119pu do informacji. W przypadku, gdy podmiot publiczny odm\u00f3wi realizacji \u017c\u0105dania zapewnienia dost\u0119pno\u015bci lub alternatywnego sposobu dost\u0119pu do informacji, wnosz\u0105cy \u017c\u0105danie mo\u017ce z\u0142o\u017cy\u0107 skarg\u0119 w sprawie zapewniana dost\u0119pno\u015bci cyfrowej strony internetowej, aplikacji mobilnej lub elementu strony internetowej, lub aplikacji mobilnej. Po wyczerpaniu wskazanej wy\u017cej procedury mo\u017cna tak\u017ce z\u0142o\u017cy\u0107 wniosek do&nbsp;<a href=\"https:\/\/www.rpo.gov.pl\/\">Rzecznika Praw Obywatelskich.<\/a><\/p>\n\n\n\n<h4 class=\"wp-block-heading\">Dost\u0119pno\u015b\u0107 architektoniczna<\/h4>\n\n\n\n<p>Pe\u0142en wykaz budynk\u00f3w nale\u017c\u0105cych do UW znajduje si\u0119 na&nbsp;<a href=\"http:\/\/uw.edu.pl\/deklaracja-dostepnosci\">stronie deklaracji dost\u0119pno\u015bci UW<\/a>.<\/p>\n\n\n\n<p>Jednostka Prowadz\u0105ca deklaruje dost\u0119pno\u015b\u0107 architektoniczn\u0105 budynku: Wydzia\u0142 Fizyki budynek A &#8211; Pasteura 5, Pasteura 5, 02-093 Warszawa (Ochota)<\/p>\n\n\n\n<p>Kierownik \/ Dyrektor administracyjny:&nbsp;<strong>Beata Grabowska<\/strong><\/p>\n\n\n\n<p>Telefon:&nbsp;<strong>+48 22 55 32 511<\/strong><\/p>\n\n\n\n<p>Email:&nbsp;<strong>beata@fuw.edu.pl<\/strong><\/p>\n\n\n\n<h5 class=\"wp-block-heading\"><strong>Wej\u015bcie do budynku<\/strong><\/h5>\n\n\n\n<p>Wej\u015bcie g\u0142\u00f3wne do budynku wyposa\u017cone jest w drzwi automatyczne, kt\u00f3re otwieraj\u0105 si\u0119 samoczynnie po wej\u015bciu\/wjechaniu w obszar pracy sensora. Szeroko\u015b\u0107 drzwi wynosi 175 cm. Przed wej\u015bciem umieszczony jest domofon, kt\u00f3ry umo\u017cliwia komunikacj\u0119 ze stra\u017cakiem dy\u017curnym z obiektu. Obszar wej\u015bcia g\u0142\u00f3wnego nie posiada schodk\u00f3w\/stopni ani pochylni. Parter budynku jest na poziomie terenu zewn\u0119trznego.<\/p>\n\n\n\n<h5 class=\"wp-block-heading\"><strong>Korytarze i przej\u015bcia<\/strong><\/h5>\n\n\n\n<p>Wn\u0119trze budynku przystosowane jest do poruszania si\u0119 os\u00f3b z niepe\u0142nosprawno\u015bci\u0105 ruchow\u0105. Ci\u0105gi komunikacyjne i sale\/gabinety umieszczone s\u0105 na tym samym poziomie, bez prog\u00f3w. Komunikacja mi\u0119dzy pi\u0119trami zapewniona jest przez windy poruszaj\u0105ce si\u0119 pomi\u0119dzy poziomami -1 (gara\u017c podziemny\/laboratoria) a +5. Szeroko\u015b\u0107 drzwi w windach wynosi 100 cm. Przyciski w windach posiadaj\u0105 oznaczenia przy pomocy j\u0119zyka Braille\u2019a. Komunikaty g\u0142osowe w cz\u0119\u015bci wind s\u0105 wy\u0142\u0105czone. Jest mo\u017cliwo\u015b\u0107 ich w\u0142\u0105czenia w przypadku zaistnienia takiej potrzeby. Drzwi wewn\u0119trzne s\u0105 szerokie (powy\u017cej 90 cm) otwierane r\u0119cznie. Uchwyty, klamki, w\u0142\u0105czniki na standardowych wysoko\u015bciach.<\/p>\n\n\n\n<h5 class=\"wp-block-heading\"><strong>Procedury<\/strong><\/h5>\n\n\n\n<p>W sytuacjach w kt\u00f3rych osoba z niepe\u0142nosprawno\u015bci\u0105 wymaga pomocy osoby trzeciej, fakt ten powinien zosta\u0107 zg\u0142oszony do stra\u017caka dy\u017curnego. Mo\u017cna to zrobi\u0107 np. przez domofony, zlokalizowane przy wej\u015bciach do budynku, zg\u0142oszenie tego faktu na recepcji g\u0142\u00f3wnej lub bezpo\u015brednio do stra\u017caka (pom. 0.43). Stra\u017cak dy\u017curny jest osob\u0105 posiadaj\u0105c\u0105 przeszkolenie z zakresu udzielania pierwszej pomocy, zobowi\u0105zan\u0105 do udzielenia pomocy.<\/p>\n\n\n\n<h5 class=\"wp-block-heading\"><strong>Dodatkowa pomoc<\/strong><\/h5>\n\n\n\n<p>Informacja u osoby dy\u017curuj\u0105cej.<\/p>\n\n\n\n<h5 class=\"wp-block-heading\"><strong>\u0141azienki, toalety, szatnie<\/strong><\/h5>\n\n\n\n<p>Toalety os\u00f3b niepe\u0142nosprawnych znajduj\u0105 si\u0119 na ka\u017cdym pi\u0119trze budynku. Zlokalizowane s\u0105 w okolicach innych sanitariat\u00f3w i oznaczone tabliczk\u0105 informacyjn\u0105 na drzwiach wej\u015bciowych. Pomieszczenia te wyposa\u017cone s\u0105 w system przyzywowy. W przypadku zaistnienia sytuacji zagro\u017cenia w kt\u00f3rej konieczna jest pomoc osoby trzeciej, potrzeb\u0119 tak\u0105 sygnalizuje si\u0119 poprzez poci\u0105gni\u0119cie oznakowanej linki zlokalizowanej wewn\u0105trz pomieszczenia. Czynno\u015b\u0107 ta powoduje wygenerowanie sygna\u0142u akustycznego w pomieszczeniu stra\u017caka z informacj\u0105 z kt\u00f3rego pomieszczenia dochodzi wezwanie. Stra\u017cak zobowi\u0105zany jest do rozeznania sytuacji i udzielenia pomocy. Szatnia jest wsp\u00f3lna dla wszystkich. Obs\u0142ugiwana jest przez pracownik\u00f3w, kt\u00f3rzy odbieraj\u0105 i wydaj\u0105 odzie\u017c.<\/p>\n\n\n\n<h5 class=\"wp-block-heading\"><strong>Dodatkowe dostosowania<\/strong><\/h5>\n\n\n\n<p>Sale nie posiadaj\u0105 oznacze\u0144 brajlowskich. Wn\u0119trza sal \u0107wiczeniowych w wi\u0119kszo\u015bci s\u0105 przystosowane dla potrzeb os\u00f3b niepe\u0142nosprawnych. Pod\u0142oga nie posiada prog\u00f3w. Tam gdzie s\u0105 podesty przy tablicach, wyposa\u017cone s\u0105 one w podjazdy dla w\u00f3zk\u00f3w inwalidzkich. Sale \u0107wiczeniowe oraz aule posiadaj\u0105 nag\u0142o\u015bnienie (mikrofony, wzmacniacze, kolumny g\u0142o\u015bnikowe). Dost\u0119p do auli dla os\u00f3b na w\u00f3zkach jest zrealizowany: 1. do sali 0.06 z poziomu parteru. W obr\u0119bie auli na tym samym poziomie s\u0105 stanowiska dla os\u00f3b niepe\u0142nosprawnych. Na poziom katedry \u2013 przez korytarz na poziomie -1, gdzie mo\u017cna zjecha\u0107 wind\u0105. 2. do sali 0.03 i 0.03a \u2013 z poziomu parteru. W obr\u0119bie auli na tym samym poziomie s\u0105 stanowiska dla os\u00f3b niepe\u0142nosprawnych. Na poziom katedry &#8211; przez Pracowni\u0119 Pokaz\u00f3w Wyk\u0142adowych. Dost\u0119p jest ograniczony, szeroko\u015b\u0107 drogi dojazdu w najw\u0119\u017cszym miejscu &#8211; 105 cm. Nie jest to przejazd og\u00f3lnodost\u0119pny, przebiega przez pomieszczenia z ograniczonym dost\u0119pem os\u00f3b trzecich. Przystosowanie Biblioteki do obs\u0142ugi specjalnego u\u017cytkownika przedstawia si\u0119 nast\u0119puj\u0105co: 1. Dla os\u00f3b poruszaj\u0105cych si\u0119 na w\u00f3zkach inwalidzkich przystosowane jest wej\u015bcie do Biblioteki czyli szerokie drzwi (otwierane klamk\u0105), bez prog\u00f3w. Jest swobodny dost\u0119p do ksi\u0119gozbioru dzi\u0119ki obszernym pomieszczeniom. Wypo\u017cyczalnia, wolny dost\u0119p, czytelnie s\u0105 na jednym poziomie, bez prog\u00f3w. W wolnym dost\u0119pie odleg\u0142o\u015bci mi\u0119dzy rega\u0142ami pozwalaj\u0105 na wjechanie w\u00f3zkiem inwalidzkim. 2. Dla os\u00f3b niedowidz\u0105cych, z niedow\u0142adami posiadamy specjaln\u0105 mysz. 3. Tak\u017ce dla os\u00f3b niedowidz\u0105cych mamy lup\u0119 elektroniczn\u0105 Digital Touch HD. W Bibliotece nie ma ksi\u0105\u017cek dla niedowidz\u0105cych i niewidomych. Nie ma te\u017c specjalnego stanowiska komputerowego z zainstalowanym systemem dla niewidomych i z urz\u0105dzeniem lektorskim.<\/p>\n\n\n\n<h5 class=\"wp-block-heading\"><strong>Dojazd i miejsca parkingowe<\/strong><\/h5>\n\n\n\n<p>Miejsce parkingowe dla osoby niepe\u0142nosprawnej zlokalizowane jest w gara\u017cu podziemnym w okolicach klatki B. Stamt\u0105d dost\u0119pnymi windami mo\u017cna si\u0119 dosta\u0107 na wy\u017csze kondygnacje. Dojazd do budynku od pobliskich przystank\u00f3w komunikacji miejskiej wyposa\u017cony jest w niezb\u0119dne podjazdy. Nie ma barier w postaci wysokich kraw\u0119\u017cnik\u00f3w.<\/p>\n\n\n\n<h5 class=\"wp-block-heading\"><strong>Prawo wst\u0119pu z psem asystuj\u0105cym<\/strong><\/h5>\n\n\n\n<p>Jest mo\u017cliwo\u015b\u0107 wej\u015bcia do budynku z psem asystuj\u0105cym.<\/p>\n\n\n\n<h5 class=\"wp-block-heading\"><strong>T\u0142umacz PJM<\/strong><\/h5>\n\n\n\n<p>Potrzeb\u0119 skorzystania z pomocy t\u0142umacza PJM nale\u017cy sk\u0142ada\u0107 do Biura ds. Os\u00f3b Niepe\u0142nosprawnych UW z co najmniej 3 dniowym wyprzedzeniem. Kontakt do BON: \/22\/ 55 24 22, bon@uw.edu.pl, www.bon.uw.edu.pl.<\/p>\n\n\n\n<p><\/p>\n","protected":false},"excerpt":{"rendered":"<p>Uniwersytet Warszawski zobowi\u0105zuje si\u0119 zapewni\u0107 dost\u0119pno\u015b\u0107 swojej strony internetowej zgodnie z przepisami ustawy z dnia 4 kwietnia 2019 r. o dost\u0119pno\u015bci cyfrowej stron internetowych i aplikacji mobilnych podmiot\u00f3w publicznych. O\u015bwiadczenie w sprawie dost\u0119pno\u015bci ma zastosowanie do strony internetowej nauczyciele.fuw.edu.pl Status zgodno\u015bci z ustaw\u0105 o dost\u0119pno\u015bci cyfrowej Strona internetowa jest cz\u0119\u015bciowo zgodna z ustaw\u0105 z dnia [&hellip;]<\/p>\n","protected":false},"author":1,"featured_media":0,"parent":0,"menu_order":0,"comment_status":"closed","ping_status":"closed","template":"","meta":{"footnotes":""},"class_list":["post-137","page","type-page","status-publish","hentry"],"_links":{"self":[{"href":"https:\/\/nauczyciele.fuw.edu.pl\/index.php?rest_route=\/wp\/v2\/pages\/137","targetHints":{"allow":["GET"]}}],"collection":[{"href":"https:\/\/nauczyciele.fuw.edu.pl\/index.php?rest_route=\/wp\/v2\/pages"}],"about":[{"href":"https:\/\/nauczyciele.fuw.edu.pl\/index.php?rest_route=\/wp\/v2\/types\/page"}],"author":[{"embeddable":true,"href":"https:\/\/nauczyciele.fuw.edu.pl\/index.php?rest_route=\/wp\/v2\/users\/1"}],"replies":[{"embeddable":true,"href":"https:\/\/nauczyciele.fuw.edu.pl\/index.php?rest_route=%2Fwp%2Fv2%2Fcomments&post=137"}],"version-history":[{"count":3,"href":"https:\/\/nauczyciele.fuw.edu.pl\/index.php?rest_route=\/wp\/v2\/pages\/137\/revisions"}],"predecessor-version":[{"id":395,"href":"https:\/\/nauczyciele.fuw.edu.pl\/index.php?rest_route=\/wp\/v2\/pages\/137\/revisions\/395"}],"wp:attachment":[{"href":"https:\/\/nauczyciele.fuw.edu.pl\/index.php?rest_route=%2Fwp%2Fv2%2Fmedia&parent=137"}],"curies":[{"name":"wp","href":"https:\/\/api.w.org\/{rel}","templated":true}]}}