{"id":88,"date":"2024-10-14T15:59:26","date_gmt":"2024-10-14T13:59:26","guid":{"rendered":"https:\/\/nauczyciele.fuw.edu.pl\/?page_id=88"},"modified":"2025-08-05T13:46:25","modified_gmt":"2025-08-05T11:46:25","slug":"certyfikaty","status":"publish","type":"page","link":"https:\/\/nauczyciele.fuw.edu.pl\/?page_id=88","title":{"rendered":"Certyfikaty"},"content":{"rendered":"\n<p>Aktualizacja 5.08.2025 r.:<br>Szanowni Pa\u0144stwo,<\/p>\n\n\n\n<p>Informacja o warunkach uzyskania certyfikatu w roku akademickim 2025\/2026 pojawi si\u0119 we wrze\u015bniu.<\/p>\n\n\n\n<p><\/p>\n\n\n\n<p>15.10.2025 r.<\/p>\n\n\n\n<p>Uczestnik\u00f3w cyklu seminari\u00f3w w roku akademickim 2024\/2025 mog\u0105 ubiega\u0107 si\u0119 o certyfikaty po\u015bwiadczaj\u0105ce podniesienie umiej\u0119tno\u015bci zawodowych.<br><br>Warunkiem otrzymania certyfikatu jest:<br>1. Obecno\u015b\u0107 STACJONARNIE co najmniej na 7 z 8 seminari\u00f3w w roku akademickim 2024\/2025.<br>2. Zaliczenie egzaminu sprawdzaj\u0105cego umiej\u0119tno\u015bci nabyte podczas cyklu seminari\u00f3w &#8211; forma zaliczenia zostanie podana w p\u00f3\u017aniejszym terminie.<\/p>\n","protected":false},"excerpt":{"rendered":"<p>Aktualizacja 5.08.2025 r.:Szanowni Pa\u0144stwo, Informacja o warunkach uzyskania certyfikatu w roku akademickim 2025\/2026 pojawi si\u0119 we wrze\u015bniu. 15.10.2025 r. Uczestnik\u00f3w cyklu seminari\u00f3w w roku akademickim 2024\/2025 mog\u0105 ubiega\u0107 si\u0119 o certyfikaty po\u015bwiadczaj\u0105ce podniesienie umiej\u0119tno\u015bci zawodowych. Warunkiem otrzymania certyfikatu jest:1. Obecno\u015b\u0107 STACJONARNIE co najmniej na 7 z 8 seminari\u00f3w w roku akademickim 2024\/2025.2. Zaliczenie egzaminu sprawdzaj\u0105cego [&hellip;]<\/p>\n","protected":false},"author":1,"featured_media":0,"parent":0,"menu_order":0,"comment_status":"closed","ping_status":"closed","template":"","meta":{"footnotes":""},"class_list":["post-88","page","type-page","status-publish","hentry"],"_links":{"self":[{"href":"https:\/\/nauczyciele.fuw.edu.pl\/index.php?rest_route=\/wp\/v2\/pages\/88","targetHints":{"allow":["GET"]}}],"collection":[{"href":"https:\/\/nauczyciele.fuw.edu.pl\/index.php?rest_route=\/wp\/v2\/pages"}],"about":[{"href":"https:\/\/nauczyciele.fuw.edu.pl\/index.php?rest_route=\/wp\/v2\/types\/page"}],"author":[{"embeddable":true,"href":"https:\/\/nauczyciele.fuw.edu.pl\/index.php?rest_route=\/wp\/v2\/users\/1"}],"replies":[{"embeddable":true,"href":"https:\/\/nauczyciele.fuw.edu.pl\/index.php?rest_route=%2Fwp%2Fv2%2Fcomments&post=88"}],"version-history":[{"count":5,"href":"https:\/\/nauczyciele.fuw.edu.pl\/index.php?rest_route=\/wp\/v2\/pages\/88\/revisions"}],"predecessor-version":[{"id":351,"href":"https:\/\/nauczyciele.fuw.edu.pl\/index.php?rest_route=\/wp\/v2\/pages\/88\/revisions\/351"}],"wp:attachment":[{"href":"https:\/\/nauczyciele.fuw.edu.pl\/index.php?rest_route=%2Fwp%2Fv2%2Fmedia&parent=88"}],"curies":[{"name":"wp","href":"https:\/\/api.w.org\/{rel}","templated":true}]}}