{"id":95,"date":"2024-10-14T16:14:52","date_gmt":"2024-10-14T14:14:52","guid":{"rendered":"https:\/\/nauczyciele.fuw.edu.pl\/?page_id=95"},"modified":"2024-10-24T07:23:27","modified_gmt":"2024-10-24T05:23:27","slug":"kontakt","status":"publish","type":"page","link":"https:\/\/nauczyciele.fuw.edu.pl\/?page_id=95","title":{"rendered":"Kontakt"},"content":{"rendered":"\n<p class=\"has-small-font-size\">Seminarium b\u0119dzie odbywa\u0107 si\u0119 w sali 0.03a Wydzia\u0142u Fizyki Uniwersytetu Warszawskiego (wej\u015bcie od ul. Pogorzelskiego).<\/p>\n\n\n\n<p class=\"has-text-align-center has-small-font-size\">Wydzia\u0142 Fizyki <br>Uniwersytet Warszawski <br>ul. Pasteura 5<br>02-093 Warszawa<br>sala 0.03a<br><\/p>\n\n\n\n<div class=\"wp-block-buttons is-content-justification-center is-layout-flex wp-container-core-buttons-is-layout-a89b3969 wp-block-buttons-is-layout-flex\">\n<div class=\"wp-block-button\"><a class=\"wp-block-button__link wp-element-button\" href=\"mailto:mderesz@fuw.edu.pl\">Kontakt<\/a><\/div>\n<\/div>\n\n\n\n<div class=\"wp-block-group is-content-justification-center is-nowrap is-layout-flex wp-container-core-group-is-layout-23441af8 wp-block-group-is-layout-flex\">\n<iframe src=\"https:\/\/www.google.com\/maps\/embed?pb=!1m18!1m12!1m3!1d2444.682273887151!2d20.980006676208866!3d52.21282115892725!2m3!1f0!2f0!3f0!3m2!1i1024!2i768!4f13.1!3m3!1m2!1s0x471eccece2d062d9%3A0xeb502e63f53718c9!2sWydzia%C5%82%20Fizyki%20Uniwersytetu%20Warszawskiego!5e0!3m2!1spl!2spl!4v1729678546007!5m2!1spl!2spl\" width=\"100%\" style=\"border:0;\" allowfullscreen=\"\" loading=\"lazy\" referrerpolicy=\"no-referrer-when-downgrade\"><\/iframe>\n<\/div>\n\n\n\n<div class=\"wp-block-columns is-layout-flex wp-container-core-columns-is-layout-28f84493 wp-block-columns-is-layout-flex\">\n<div class=\"wp-block-column is-layout-flow wp-block-column-is-layout-flow\" style=\"flex-basis:100%\"><\/div>\n<\/div>\n\n\n\n<p><\/p>\n","protected":false},"excerpt":{"rendered":"<p>Seminarium b\u0119dzie odbywa\u0107 si\u0119 w sali 0.03a Wydzia\u0142u Fizyki Uniwersytetu Warszawskiego (wej\u015bcie od ul. Pogorzelskiego). Wydzia\u0142 Fizyki Uniwersytet Warszawski ul. Pasteura 502-093 Warszawasala 0.03a<\/p>\n","protected":false},"author":1,"featured_media":0,"parent":0,"menu_order":0,"comment_status":"closed","ping_status":"closed","template":"","meta":{"footnotes":""},"class_list":["post-95","page","type-page","status-publish","hentry"],"_links":{"self":[{"href":"https:\/\/nauczyciele.fuw.edu.pl\/index.php?rest_route=\/wp\/v2\/pages\/95","targetHints":{"allow":["GET"]}}],"collection":[{"href":"https:\/\/nauczyciele.fuw.edu.pl\/index.php?rest_route=\/wp\/v2\/pages"}],"about":[{"href":"https:\/\/nauczyciele.fuw.edu.pl\/index.php?rest_route=\/wp\/v2\/types\/page"}],"author":[{"embeddable":true,"href":"https:\/\/nauczyciele.fuw.edu.pl\/index.php?rest_route=\/wp\/v2\/users\/1"}],"replies":[{"embeddable":true,"href":"https:\/\/nauczyciele.fuw.edu.pl\/index.php?rest_route=%2Fwp%2Fv2%2Fcomments&post=95"}],"version-history":[{"count":23,"href":"https:\/\/nauczyciele.fuw.edu.pl\/index.php?rest_route=\/wp\/v2\/pages\/95\/revisions"}],"predecessor-version":[{"id":225,"href":"https:\/\/nauczyciele.fuw.edu.pl\/index.php?rest_route=\/wp\/v2\/pages\/95\/revisions\/225"}],"wp:attachment":[{"href":"https:\/\/nauczyciele.fuw.edu.pl\/index.php?rest_route=%2Fwp%2Fv2%2Fmedia&parent=95"}],"curies":[{"name":"wp","href":"https:\/\/api.w.org\/{rel}","templated":true}]}}